{"id":7658,"date":"2016-12-05T20:00:18","date_gmt":"2016-12-05T19:00:18","guid":{"rendered":"http:\/\/www.arte-d.it\/?page_id=7658"},"modified":"2018-09-27T16:25:46","modified_gmt":"2018-09-27T14:25:46","slug":"privacy-policy","status":"publish","type":"page","link":"https:\/\/www.arte-d.it\/it\/privacy-policy\/","title":{"rendered":"Privacy Policy"},"content":{"rendered":"<p class=\"lead\">&nbsp;<\/p>\n<p>Ai sensi dell\u2019art. 13 del Reg. (UE) n. 2016\/679 del 27 aprile 2016 (\u201cdi seguito in breve \u201c<strong>GDPR<\/strong>\u201d), La informiamo che i Suoi dati personali, raccolti da Arte &amp; D s.r.l. Via Umbria 4\/a int.1 Z.I., 35043 Monselice (PD) Italia, C.F. e P. IVA 04304880281 (di seguito \u201c<strong>Titolare<\/strong>\u201d) nella sua qualit\u00e0 di titolare del trattamento ai sensi dell\u2019art. 24 GDPR, in occasione della navigazione sul sito www.arte-d.it (di seguito \u201c<strong>Sito<\/strong>\u201d), verranno trattati in ottemperanza alle seguenti disposizioni.<\/p>\n<p>Arte &amp; D s.r.l. anche se non tenuta (art 37 GDPR) ha nominato un proprio RPD (Responsabile Protezione Dati) a cui potrete rivolgervi tramite email info@pec.arte-d.it<\/p>\n<p>&nbsp;<\/p>\n<p><strong>Finalit\u00e0 del trattamento e base giuridica<\/strong><\/p>\n<p>I dati personali (di seguito \u201c<strong>Dati<\/strong>\u201d) forniti dall\u2019interessato saranno trattati per le seguenti finalit\u00e0:<\/p>\n<ol>\n<li>in esecuzione del servizio richiesto (qui di seguito \u201c<strong>Servizio<\/strong>\u201d): ad es. erogazione di servizi basati su interfaccia web, registrazione anagrafica utenti, erogazione di informazioni relative a coloro che si sono iscritti volontariamente alla banca dati del nostro sito, erogazione di informazioni relative alle attivit\u00e0 di formazione;<\/li>\n<li>adempimento di obblighi legali, contabili, fiscali, amministrativi e contrattuali connessi all\u2019erogazione dei Servizi;<\/li>\n<li>previo consenso specifico, per inviare comunicazioni commerciali e\/o promozionali sui prodotti e servizi dell\u2019interessato nonch\u00e9 effettuare ricerche di mercato (\u201c<strong>Marketing diretto<\/strong>\u201d);<\/li>\n<li>previo consenso specifico, per comunicare i Dati a societ\u00e0 del gruppo di cui \u00e8 parte il Titolare ovvero a societ\u00e0 esterne per i servizi di raccolta ed elaborazione dei dati, che li potranno trattare per inviare comunicazioni commerciali e\/o promozionali su prodotti e servizi delle suddette societ\u00e0, nonch\u00e9 effettuare ricerche di mercato ( \u201c<strong>Marketing terze parti<\/strong>\u201d).<\/li>\n<\/ol>\n<p>I dati saranno trattati da dipendenti e\/o collaboratori de Titolare nominati incaricati autorizzati del trattamento, operanti presso le direzioni marketing, vendite e sistemi informativi, potranno essere comunicati a societ\u00e0 terze e a societ\u00e0 appartenenti al gruppo, all\u2019uopo nominate responsabili del trattamento, che forniscono servizi accessori e strumentali all\u2019attivit\u00e0 del Titolare.<\/p>\n<p>&nbsp;<\/p>\n<p><strong>Tipi di dati trattati <\/strong><\/p>\n<ol>\n<li><u>Dati di navigazione<\/u>: in questa categoria di Dati rientrano gli indirizzi IP o i nomi a dominio dei computer utilizzati dagli utenti che si connettono al sito, gli indirizzi delle risorse richieste, l&#8217;orario della richiesta, il metodo utilizzato nel sottoporre la richiesta al server, la dimensione del file ottenuto in risposta, il codice numerico indicante lo stato della risposta data dal <em>server<\/em> (buon fine, errore, ecc.) ed altri parametri relativi al sistema operativo e all&#8217;ambiente informatico dell&#8217;utente.<\/li>\n<li><u>Dati forniti volontariamente dall\u2019utente<\/u>: l\u2019invio facoltativo, esplicito e volontario di posta elettronica agli indirizzi indicati su questo sito comporta la successiva acquisizione dell\u2019indirizzo del mittente per rispondere alle richieste, nonch\u00e9 degli altri eventuali Dati inseriti nel format.<\/li>\n<\/ol>\n<p>&nbsp;<\/p>\n<p><strong>Trasferimento di dati personali all\u2019estero<\/strong><\/p>\n<p>La gestione e la conservazione dei Dati avviene su server ubicati all\u2019interno dell\u2019Unione Europea, di propriet\u00e0 e\/o nella disponibilit\u00e0 del Titolare e\/o di societ\u00e0 terze debitamente nominate quali responsabili del trattamento. I Dati potranno altres\u00ec essere trasferiti per le finalit\u00e0 di cui all\u2019art. 1 a soggetti aventi sede in paesi al di fuori dell\u2019Unione Europea, purch\u00e9 garantiscano un livello di protezione adeguato (a titolo esemplificativo l\u2019iscrizione alla Privacy Shield List in ottemperanza alla Decisione di Esecuzione (EU) 2016\/1250 della Commissione Europea del 12 luglio 2016 c.d. \u201cPrivacy Shield\u201d).<\/p>\n<p>I dati dei soggetti terzi verranno comunicati su richiesta dal Titolare.<\/p>\n<p><strong>\u00a0<\/strong><\/p>\n<p><strong>Tempi di conservazione dei dati <\/strong><\/p>\n<p>I Dati che La riguardano, raccolti attraverso i nostri <em>form<\/em>, verranno conservati per il tempo necessario a dare riscontro alle Sue richieste e per porre in essere le attivit\u00e0 di cui alle finalit\u00e0 del trattamento.<\/p>\n<p>&nbsp;<\/p>\n<p><strong>Natura del conferimento dei dati e conseguenze del rifiuto di rispondere<\/strong><\/p>\n<p>Il conferimento dei Dati necessari allo svolgimento dei trattamenti elencati <em>sub<\/em> 1.(a) e <em>sub (b)<\/em> \u00e8 facoltativo, ma costituisce condizione necessaria ed indispensabile per la fruizione dei Servizi: un eventuale rifiuto di fornire i Dati determina, quindi, l\u2019impossibilit\u00e0 di eseguire i Servizi richiesti. Il consenso al trattamento per le ulteriori finalit\u00e0 \u00e8 facoltativo.<\/p>\n<p><strong>\u00a0<\/strong><\/p>\n<p><strong>Modalit\u00e0 di trattamento <\/strong><\/p>\n<p>Il trattamento dei Dati per ciascuna delle finalit\u00e0 di cui sopra \u00e8 effettuato con modalit\u00e0 cartacee, automatizzate o elettroniche e, in particolare, a mezzo posta ordinaria o email, telefono (es. chiamate automatizzate, SMS, MMS), fax e qualsiasi altro canale informatico (es. siti web, mobile, app) idoneo a garantire la sicurezza e la riservatezza secondo la c.d. <em>data protection by default<\/em> ossia l\u2019applicazione di misure atte a ridurre al minimo i rischi di diffusione di dati.<\/p>\n<p><strong>\u00a0<\/strong><\/p>\n<p><strong>Credenziali di accesso all\u2019area riservata<\/strong><\/p>\n<p>L\u2019Utente, nel caso di registrazione nell\u2019area riservata del Portale, ricever\u00e0 delle credenziali di accesso ( un ID personale e una password). Queste credenziali sono strettamente personali e qualsivoglia diffusione o cessione a terze parti delle stesse non \u00e8 consentita.<\/p>\n<p>&nbsp;<\/p>\n<p><strong>Categorie di destinatari dei dati personali<\/strong><\/p>\n<p>I dati dell\u2019Utente potranno essere comunicati dal Titolare a soggetti terzi dei quali esso si avvalga al fine della prestazione di attivit\u00e0 strumentali o comunque funzionali alla prestazione dei Servizi o all\u2019adempimento di obblighi di legge, regolarmente designati come responsabili del trattamento dei dati personali. A tali soggetti verranno fornite esclusivamente le informazioni necessarie alla prestazione delle predette attivit\u00e0 e saranno tenuti ad adottare tutte le misure di sicurezza ai fini della tutela dei dati conformemente alla legislazione vigente. I dati dei responsabili del trattamento verranno comunicati su richiesta dal Titolare. I dati dell\u2019Utente potrebbero essere conosciuti da incaricati del Titolare del Trattamento. In ogni caso i dati non saranno oggetto di diffusione o comunicati a terzi, salvo quanto sopra previsto e, in ogni caso nei limiti sopra indicati.<\/p>\n<p>&nbsp;<\/p>\n<p><strong>Diritti dell\u2019interessato <\/strong><\/p>\n<p>All\u2019interessato sono riconosciuti i seguenti diritti:<\/p>\n<ol>\n<li><strong>diritto di accesso<\/strong>: il diritto di ottenere dal Titolare la conferma che sia o meno in corso il trattamento dei Dati e, in tal caso, di ottenerne l&#8217;accesso;<\/li>\n<li><strong>diritto di rettifica e cancellazione<\/strong>: il diritto di ottenere la rettifica di Dati inesatti e\/o l&#8217;integrazione di Dati incompleti o la cancellazione dei Dati per motivi legittimi;<\/li>\n<li><strong>diritto alla limitazione del trattamento<\/strong>: il diritto a richiedere la sospensione del trattamento qualora sussistano motivi legittimi;<\/li>\n<li><strong>diritto alla portabilit\u00e0 dei dati<\/strong>: il diritto di ricevere in un formato strutturato, di uso comune e leggibile i Dati, nonch\u00e9 il diritto di trasmettere i Dati ad un altro titolare del trattamento;<\/li>\n<li><strong>diritto di opposizione<\/strong>: il diritto opporsi al trattamento dei Dati qualora sussistano motivi legittimi, ivi compresi i trattamenti di Dati per finalit\u00e0 di marketing e profilazione, se previsti;<\/li>\n<li><strong>diritto di rivolgersi all&#8217;autorit\u00e0<\/strong> per la protezione dei dati competente in caso di trattamento illecito dei Dati.<\/li>\n<\/ol>\n<p>&nbsp;<\/p>\n<p><strong>Revisione<\/strong><\/p>\n<p>La presente informativa viene aggiornata dall\u2019azienda in funzione di specifiche necessit\u00e0. Si invitano quindi gli interessati a visionarla periodicamente. Per esercitare i diritti riconosciuti dalle norme sopra indicate potr\u00e0 inviare la propria richiesta mediante email al seguente indirizzo: info@pec.arte-d.it<\/p>\n","protected":false},"excerpt":{"rendered":"<p>&nbsp; Ai sensi dell\u2019art. 13 del Reg. (UE) n. 2016\/679 del 27 aprile 2016 (\u201cdi seguito in breve \u201cGDPR\u201d), La informiamo che i Suoi dati personali, raccolti da Arte &amp; D s.r.l. Via Umbria 4\/a int.1 Z.I., 35043 Monselice (PD) Italia, C.F. e P. IVA 04304880281 (di seguito \u201cTitolare\u201d) nella sua qualit\u00e0 di titolare del&#8230;  <a href=\"https:\/\/www.arte-d.it\/it\/privacy-policy\/\" class=\"more-link\" title=\"Read Privacy Policy\">Read more &raquo;<\/a><\/p>\n","protected":false},"author":1,"featured_media":0,"parent":0,"menu_order":0,"comment_status":"closed","ping_status":"closed","template":"page-full-width.php","meta":{"content-type":""},"acf":[],"yoast_head":"<!-- This site is optimized with the Yoast SEO plugin v16.3 - https:\/\/yoast.com\/wordpress\/plugins\/seo\/ -->\n<meta name=\"robots\" content=\"index, follow, max-snippet:-1, max-image-preview:large, max-video-preview:-1\" \/>\n<link rel=\"canonical\" href=\"https:\/\/www.arte-d.it\/it\/privacy-policy\/\" \/>\n<meta property=\"og:locale\" content=\"it_IT\" \/>\n<meta property=\"og:type\" content=\"article\" \/>\n<meta property=\"og:title\" content=\"Privacy Policy - Arte &amp; D s.r.l. Seating solution\" \/>\n<meta property=\"og:description\" content=\"&nbsp; Ai sensi dell\u2019art. 13 del Reg. (UE) n. 2016\/679 del 27 aprile 2016 (\u201cdi seguito in breve \u201cGDPR\u201d), La informiamo che i Suoi dati personali, raccolti da Arte &amp; D s.r.l. Via Umbria 4\/a int.1 Z.I., 35043 Monselice (PD) Italia, C.F. e P. IVA 04304880281 (di seguito \u201cTitolare\u201d) nella sua qualit\u00e0 di titolare del... Read more &raquo;\" \/>\n<meta property=\"og:url\" content=\"https:\/\/www.arte-d.it\/it\/privacy-policy\/\" \/>\n<meta property=\"og:site_name\" content=\"Arte &amp; D s.r.l. Seating solution\" \/>\n<meta property=\"article:modified_time\" content=\"2018-09-27T14:25:46+00:00\" \/>\n<meta name=\"twitter:card\" content=\"summary\" \/>\n<meta name=\"twitter:label1\" content=\"Tempo di lettura stimato\">\n\t<meta name=\"twitter:data1\" content=\"6 minuti\">\n<script type=\"application\/ld+json\" class=\"yoast-schema-graph\">{\"@context\":\"https:\/\/schema.org\",\"@graph\":[{\"@type\":\"Organization\",\"@id\":\"https:\/\/www.arte-d.it\/#organization\",\"name\":\"ARTE & D SRL\",\"url\":\"https:\/\/www.arte-d.it\/\",\"sameAs\":[\"https:\/\/www.instagram.com\/arteanddsrl\/?hl=it\",\"https:\/\/www.linkedin.com\/company\/68194373\/admin\/\",\"https:\/\/www.youtube.com\/channel\/UC96EcLaAiNxv7zZ8WPAlFWw\"],\"logo\":{\"@type\":\"ImageObject\",\"@id\":\"https:\/\/www.arte-d.it\/#logo\",\"inLanguage\":\"it-IT\",\"url\":\"https:\/\/www.arte-d.it\/wp-content\/uploads\/2022\/01\/Logo-arte_d-032-rosso_PNG.png\",\"contentUrl\":\"https:\/\/www.arte-d.it\/wp-content\/uploads\/2022\/01\/Logo-arte_d-032-rosso_PNG.png\",\"width\":701,\"height\":301,\"caption\":\"ARTE & D SRL\"},\"image\":{\"@id\":\"https:\/\/www.arte-d.it\/#logo\"}},{\"@type\":\"WebSite\",\"@id\":\"https:\/\/www.arte-d.it\/#website\",\"url\":\"https:\/\/www.arte-d.it\/\",\"name\":\"Arte & D s.r.l. Seating solution\",\"description\":\"seating solutions for office and contract, office chairs, armchairs for office, design chairs,\",\"publisher\":{\"@id\":\"https:\/\/www.arte-d.it\/#organization\"},\"potentialAction\":[{\"@type\":\"SearchAction\",\"target\":\"https:\/\/www.arte-d.it\/?s={search_term_string}\",\"query-input\":\"required name=search_term_string\"}],\"inLanguage\":\"it-IT\"},{\"@type\":\"WebPage\",\"@id\":\"https:\/\/www.arte-d.it\/it\/privacy-policy\/#webpage\",\"url\":\"https:\/\/www.arte-d.it\/it\/privacy-policy\/\",\"name\":\"Privacy Policy - Arte &amp; D s.r.l. Seating solution\",\"isPartOf\":{\"@id\":\"https:\/\/www.arte-d.it\/#website\"},\"datePublished\":\"2016-12-05T19:00:18+00:00\",\"dateModified\":\"2018-09-27T14:25:46+00:00\",\"breadcrumb\":{\"@id\":\"https:\/\/www.arte-d.it\/it\/privacy-policy\/#breadcrumb\"},\"inLanguage\":\"it-IT\",\"potentialAction\":[{\"@type\":\"ReadAction\",\"target\":[\"https:\/\/www.arte-d.it\/it\/privacy-policy\/\"]}]},{\"@type\":\"BreadcrumbList\",\"@id\":\"https:\/\/www.arte-d.it\/it\/privacy-policy\/#breadcrumb\",\"itemListElement\":[{\"@type\":\"ListItem\",\"position\":1,\"item\":{\"@type\":\"WebPage\",\"@id\":\"https:\/\/www.arte-d.it\/it\/\",\"url\":\"https:\/\/www.arte-d.it\/it\/\",\"name\":\"Home\"}},{\"@type\":\"ListItem\",\"position\":2,\"item\":{\"@id\":\"https:\/\/www.arte-d.it\/it\/privacy-policy\/#webpage\"}}]}]}<\/script>\n<!-- \/ Yoast SEO plugin. -->","_links":{"self":[{"href":"https:\/\/www.arte-d.it\/it\/wp-json\/wp\/v2\/pages\/7658"}],"collection":[{"href":"https:\/\/www.arte-d.it\/it\/wp-json\/wp\/v2\/pages"}],"about":[{"href":"https:\/\/www.arte-d.it\/it\/wp-json\/wp\/v2\/types\/page"}],"author":[{"embeddable":true,"href":"https:\/\/www.arte-d.it\/it\/wp-json\/wp\/v2\/users\/1"}],"replies":[{"embeddable":true,"href":"https:\/\/www.arte-d.it\/it\/wp-json\/wp\/v2\/comments?post=7658"}],"version-history":[{"count":0,"href":"https:\/\/www.arte-d.it\/it\/wp-json\/wp\/v2\/pages\/7658\/revisions"}],"wp:attachment":[{"href":"https:\/\/www.arte-d.it\/it\/wp-json\/wp\/v2\/media?parent=7658"}],"curies":[{"name":"wp","href":"https:\/\/api.w.org\/{rel}","templated":true}]}}