{"id":34696,"date":"2022-04-28T12:44:47","date_gmt":"2022-04-28T10:44:47","guid":{"rendered":"https:\/\/www.arte-d.it\/home-new-04-22\/"},"modified":"2025-01-21T19:36:20","modified_gmt":"2025-01-21T18:36:20","slug":"home-new-04-22","status":"publish","type":"page","link":"https:\/\/www.arte-d.it\/fr\/","title":{"rendered":"HOME New (04.22)"},"content":{"rendered":"","protected":false},"excerpt":{"rendered":"","protected":false},"author":1,"featured_media":0,"parent":0,"menu_order":0,"comment_status":"closed","ping_status":"closed","template":"page-home-new-04-22.php","meta":{"content-type":""},"acf":[],"yoast_head":"<!-- This site is optimized with the Yoast SEO plugin v16.3 - https:\/\/yoast.com\/wordpress\/plugins\/seo\/ -->\n<meta name=\"description\" content=\"HOME - Art &amp; D s.r.l. Seating solution Malgr\u00e9 sa pr\u00e9sence bien \u00e9tablie sur le march\u00e9 mondial, notre entreprise est toujours motiv\u00e9 par le d\u00e9sir de cro\u00eetre, avec nos partenaires commerciaux, et de continuer \u00e0 livrer pas seulement des bureaux et des chaises mais aussi les meilleures conditions de travail possibles.\" \/>\n<meta name=\"robots\" content=\"index, follow, max-snippet:-1, max-image-preview:large, max-video-preview:-1\" \/>\n<link rel=\"canonical\" href=\"https:\/\/www.arte-d.it\/fr\/\" \/>\n<meta property=\"og:locale\" content=\"fr_FR\" \/>\n<meta property=\"og:type\" content=\"article\" \/>\n<meta property=\"og:title\" content=\"HOME - Arte &amp; D s.r.l. Seating solution\" \/>\n<meta property=\"og:description\" content=\"HOME - Art &amp; D s.r.l. Seating solution Malgr\u00e9 sa pr\u00e9sence bien \u00e9tablie sur le march\u00e9 mondial, notre entreprise est toujours motiv\u00e9 par le d\u00e9sir de cro\u00eetre, avec nos partenaires commerciaux, et de continuer \u00e0 livrer pas seulement des bureaux et des chaises mais aussi les meilleures conditions de travail possibles.\" \/>\n<meta property=\"og:url\" content=\"https:\/\/www.arte-d.it\/fr\/\" \/>\n<meta property=\"og:site_name\" content=\"Arte &amp; D s.r.l. Seating solution\" \/>\n<meta property=\"article:modified_time\" content=\"2025-01-21T18:36:20+00:00\" \/>\n<meta name=\"twitter:card\" content=\"summary\" \/>\n<script type=\"application\/ld+json\" class=\"yoast-schema-graph\">{\"@context\":\"https:\/\/schema.org\",\"@graph\":[{\"@type\":\"Organization\",\"@id\":\"https:\/\/www.arte-d.it\/#organization\",\"name\":\"ARTE & D SRL\",\"url\":\"https:\/\/www.arte-d.it\/\",\"sameAs\":[\"https:\/\/www.instagram.com\/arteanddsrl\/?hl=it\",\"https:\/\/www.linkedin.com\/company\/68194373\/admin\/\",\"https:\/\/www.youtube.com\/channel\/UC96EcLaAiNxv7zZ8WPAlFWw\"],\"logo\":{\"@type\":\"ImageObject\",\"@id\":\"https:\/\/www.arte-d.it\/#logo\",\"inLanguage\":\"fr-FR\",\"url\":\"https:\/\/www.arte-d.it\/wp-content\/uploads\/2022\/01\/Logo-arte_d-032-rosso_PNG.png\",\"contentUrl\":\"https:\/\/www.arte-d.it\/wp-content\/uploads\/2022\/01\/Logo-arte_d-032-rosso_PNG.png\",\"width\":701,\"height\":301,\"caption\":\"ARTE & D SRL\"},\"image\":{\"@id\":\"https:\/\/www.arte-d.it\/#logo\"}},{\"@type\":\"WebSite\",\"@id\":\"https:\/\/www.arte-d.it\/#website\",\"url\":\"https:\/\/www.arte-d.it\/\",\"name\":\"Arte & D s.r.l. Seating solution\",\"description\":\"seating solutions for office and contract, office chairs, armchairs for office, design chairs,\",\"publisher\":{\"@id\":\"https:\/\/www.arte-d.it\/#organization\"},\"potentialAction\":[{\"@type\":\"SearchAction\",\"target\":\"https:\/\/www.arte-d.it\/?s={search_term_string}\",\"query-input\":\"required name=search_term_string\"}],\"inLanguage\":\"fr-FR\"},{\"@type\":\"WebPage\",\"@id\":\"https:\/\/www.arte-d.it\/fr\/#webpage\",\"url\":\"https:\/\/www.arte-d.it\/fr\/\",\"name\":\"HOME - Arte &amp; D s.r.l. Seating solution\",\"isPartOf\":{\"@id\":\"https:\/\/www.arte-d.it\/#website\"},\"datePublished\":\"2022-04-28T10:44:47+00:00\",\"dateModified\":\"2025-01-21T18:36:20+00:00\",\"description\":\"HOME - Art & D s.r.l. Seating solution Malgr\\u00e9 sa pr\\u00e9sence bien \\u00e9tablie sur le march\\u00e9 mondial, notre entreprise est toujours motiv\\u00e9 par le d\\u00e9sir de cro\\u00eetre, avec nos partenaires commerciaux, et de continuer \\u00e0 livrer pas seulement des bureaux et des chaises mais aussi les meilleures conditions de travail possibles.\",\"breadcrumb\":{\"@id\":\"https:\/\/www.arte-d.it\/fr\/#breadcrumb\"},\"inLanguage\":\"fr-FR\",\"potentialAction\":[{\"@type\":\"ReadAction\",\"target\":[\"https:\/\/www.arte-d.it\/fr\/\"]}]},{\"@type\":\"BreadcrumbList\",\"@id\":\"https:\/\/www.arte-d.it\/fr\/#breadcrumb\",\"itemListElement\":[{\"@type\":\"ListItem\",\"position\":1,\"item\":{\"@type\":\"WebPage\",\"@id\":\"https:\/\/www.arte-d.it\/fr\/\",\"url\":\"https:\/\/www.arte-d.it\/fr\/\",\"name\":\"Home\"}},{\"@type\":\"ListItem\",\"position\":2,\"item\":{\"@id\":\"https:\/\/www.arte-d.it\/fr\/#webpage\"}}]}]}<\/script>\n<!-- \/ Yoast SEO plugin. -->","_links":{"self":[{"href":"https:\/\/www.arte-d.it\/fr\/wp-json\/wp\/v2\/pages\/34696"}],"collection":[{"href":"https:\/\/www.arte-d.it\/fr\/wp-json\/wp\/v2\/pages"}],"about":[{"href":"https:\/\/www.arte-d.it\/fr\/wp-json\/wp\/v2\/types\/page"}],"author":[{"embeddable":true,"href":"https:\/\/www.arte-d.it\/fr\/wp-json\/wp\/v2\/users\/1"}],"replies":[{"embeddable":true,"href":"https:\/\/www.arte-d.it\/fr\/wp-json\/wp\/v2\/comments?post=34696"}],"version-history":[{"count":6,"href":"https:\/\/www.arte-d.it\/fr\/wp-json\/wp\/v2\/pages\/34696\/revisions"}],"predecessor-version":[{"id":41203,"href":"https:\/\/www.arte-d.it\/fr\/wp-json\/wp\/v2\/pages\/34696\/revisions\/41203"}],"wp:attachment":[{"href":"https:\/\/www.arte-d.it\/fr\/wp-json\/wp\/v2\/media?parent=34696"}],"curies":[{"name":"wp","href":"https:\/\/api.w.org\/{rel}","templated":true}]}}