{"id":20875,"date":"2020-03-03T14:03:50","date_gmt":"2020-03-03T13:03:50","guid":{"rendered":"https:\/\/www.arte-d.it\/?page_id=20875\/"},"modified":"2020-03-03T14:04:08","modified_gmt":"2020-03-03T13:04:08","slug":"perfil-de-la-compania","status":"publish","type":"page","link":"https:\/\/www.arte-d.it\/es\/perfil-de-la-compania\/","title":{"rendered":"Perfil de la compa\u00f1\u00eda"},"content":{"rendered":"","protected":false},"excerpt":{"rendered":"","protected":false},"author":1,"featured_media":0,"parent":0,"menu_order":0,"comment_status":"closed","ping_status":"closed","template":"page-profiloaziendale.php","meta":{"content-type":""},"acf":[],"yoast_head":"<!-- This site is optimized with the Yoast SEO plugin v16.3 - https:\/\/yoast.com\/wordpress\/plugins\/seo\/ -->\n<meta name=\"description\" content=\"Empresa - Art &amp; D s.r.l. Seating solution El \u00e9nfasis en el dise\u00f1o, comodidad y calidad hacen de Art &amp; D s.r.l. proveedor de sillas y mesas multi funci\u00f3n particularmente vers\u00e1til y adecuado para una amplia variedad de aplicaciones que van desde las oficinas corporativas a escuelas, hospitalidad y mucho m\u00e1s.\" \/>\n<meta name=\"robots\" content=\"index, follow, max-snippet:-1, max-image-preview:large, max-video-preview:-1\" \/>\n<link rel=\"canonical\" href=\"https:\/\/www.arte-d.it\/es\/perfil-de-la-compania\/\" \/>\n<meta property=\"og:locale\" content=\"es_ES\" \/>\n<meta property=\"og:type\" content=\"article\" \/>\n<meta property=\"og:title\" content=\"Perfil de la compa\u00f1\u00eda - Arte &amp; D s.r.l. Seating solution\" \/>\n<meta property=\"og:description\" content=\"Empresa - Art &amp; D s.r.l. Seating solution El \u00e9nfasis en el dise\u00f1o, comodidad y calidad hacen de Art &amp; D s.r.l. proveedor de sillas y mesas multi funci\u00f3n particularmente vers\u00e1til y adecuado para una amplia variedad de aplicaciones que van desde las oficinas corporativas a escuelas, hospitalidad y mucho m\u00e1s.\" \/>\n<meta property=\"og:url\" content=\"https:\/\/www.arte-d.it\/es\/perfil-de-la-compania\/\" \/>\n<meta property=\"og:site_name\" content=\"Arte &amp; D s.r.l. Seating solution\" \/>\n<meta property=\"article:modified_time\" content=\"2020-03-03T13:04:08+00:00\" \/>\n<meta name=\"twitter:card\" content=\"summary\" \/>\n<script type=\"application\/ld+json\" class=\"yoast-schema-graph\">{\"@context\":\"https:\/\/schema.org\",\"@graph\":[{\"@type\":\"Organization\",\"@id\":\"https:\/\/www.arte-d.it\/#organization\",\"name\":\"ARTE & D SRL\",\"url\":\"https:\/\/www.arte-d.it\/\",\"sameAs\":[\"https:\/\/www.instagram.com\/arteanddsrl\/?hl=it\",\"https:\/\/www.linkedin.com\/company\/68194373\/admin\/\",\"https:\/\/www.youtube.com\/channel\/UC96EcLaAiNxv7zZ8WPAlFWw\"],\"logo\":{\"@type\":\"ImageObject\",\"@id\":\"https:\/\/www.arte-d.it\/#logo\",\"inLanguage\":\"es\",\"url\":\"https:\/\/www.arte-d.it\/wp-content\/uploads\/2022\/01\/Logo-arte_d-032-rosso_PNG.png\",\"contentUrl\":\"https:\/\/www.arte-d.it\/wp-content\/uploads\/2022\/01\/Logo-arte_d-032-rosso_PNG.png\",\"width\":701,\"height\":301,\"caption\":\"ARTE & D SRL\"},\"image\":{\"@id\":\"https:\/\/www.arte-d.it\/#logo\"}},{\"@type\":\"WebSite\",\"@id\":\"https:\/\/www.arte-d.it\/#website\",\"url\":\"https:\/\/www.arte-d.it\/\",\"name\":\"Arte & D s.r.l. Seating solution\",\"description\":\"seating solutions for office and contract, office chairs, armchairs for office, design chairs,\",\"publisher\":{\"@id\":\"https:\/\/www.arte-d.it\/#organization\"},\"potentialAction\":[{\"@type\":\"SearchAction\",\"target\":\"https:\/\/www.arte-d.it\/?s={search_term_string}\",\"query-input\":\"required name=search_term_string\"}],\"inLanguage\":\"es\"},{\"@type\":\"WebPage\",\"@id\":\"https:\/\/www.arte-d.it\/es\/perfil-de-la-compania\/#webpage\",\"url\":\"https:\/\/www.arte-d.it\/es\/perfil-de-la-compania\/\",\"name\":\"Perfil de la compa\\u00f1\\u00eda - Arte &amp; D s.r.l. Seating solution\",\"isPartOf\":{\"@id\":\"https:\/\/www.arte-d.it\/#website\"},\"datePublished\":\"2020-03-03T13:03:50+00:00\",\"dateModified\":\"2020-03-03T13:04:08+00:00\",\"description\":\"Empresa - Art & D s.r.l. Seating solution El \\u00e9nfasis en el dise\\u00f1o, comodidad y calidad hacen de Art & D s.r.l. proveedor de sillas y mesas multi funci\\u00f3n particularmente vers\\u00e1til y adecuado para una amplia variedad de aplicaciones que van desde las oficinas corporativas a escuelas, hospitalidad y mucho m\\u00e1s.\",\"breadcrumb\":{\"@id\":\"https:\/\/www.arte-d.it\/es\/perfil-de-la-compania\/#breadcrumb\"},\"inLanguage\":\"es\",\"potentialAction\":[{\"@type\":\"ReadAction\",\"target\":[\"https:\/\/www.arte-d.it\/es\/perfil-de-la-compania\/\"]}]},{\"@type\":\"BreadcrumbList\",\"@id\":\"https:\/\/www.arte-d.it\/es\/perfil-de-la-compania\/#breadcrumb\",\"itemListElement\":[{\"@type\":\"ListItem\",\"position\":1,\"item\":{\"@type\":\"WebPage\",\"@id\":\"https:\/\/www.arte-d.it\/es\/\",\"url\":\"https:\/\/www.arte-d.it\/es\/\",\"name\":\"Home\"}},{\"@type\":\"ListItem\",\"position\":2,\"item\":{\"@id\":\"https:\/\/www.arte-d.it\/es\/perfil-de-la-compania\/#webpage\"}}]}]}<\/script>\n<!-- \/ Yoast SEO plugin. -->","_links":{"self":[{"href":"https:\/\/www.arte-d.it\/es\/wp-json\/wp\/v2\/pages\/20875"}],"collection":[{"href":"https:\/\/www.arte-d.it\/es\/wp-json\/wp\/v2\/pages"}],"about":[{"href":"https:\/\/www.arte-d.it\/es\/wp-json\/wp\/v2\/types\/page"}],"author":[{"embeddable":true,"href":"https:\/\/www.arte-d.it\/es\/wp-json\/wp\/v2\/users\/1"}],"replies":[{"embeddable":true,"href":"https:\/\/www.arte-d.it\/es\/wp-json\/wp\/v2\/comments?post=20875"}],"version-history":[{"count":0,"href":"https:\/\/www.arte-d.it\/es\/wp-json\/wp\/v2\/pages\/20875\/revisions"}],"wp:attachment":[{"href":"https:\/\/www.arte-d.it\/es\/wp-json\/wp\/v2\/media?parent=20875"}],"curies":[{"name":"wp","href":"https:\/\/api.w.org\/{rel}","templated":true}]}}