{"id":12213,"date":"2018-09-27T16:21:36","date_gmt":"2018-09-27T14:21:36","guid":{"rendered":"https:\/\/www.arte-d.it\/?page_id=12213\/"},"modified":"2018-09-27T16:25:35","modified_gmt":"2018-09-27T14:25:35","slug":"privacy-policy","status":"publish","type":"page","link":"https:\/\/www.arte-d.it\/es\/privacy-policy\/","title":{"rendered":"Privacy Policy"},"content":{"rendered":"<p class=\"lead\">&nbsp;<\/p>\n<p>De acuerdo con el ar. 13 del Reg. (UE) n\u00fam. 2016\/679 del 27 de abril de 2016 (\u201ca continuaci\u00f3n s\u00f3lo \u201c<strong>GDPR<\/strong>\u201d) , Le informamos que sus datos personales, recogidos por Arte &amp; D s.r.l. Via Umbria 4\/a int.1 Z.I., 35043 Monselice (PD), Italy, CIF y NIF n\u00fam. 04304880281, (a continuaci\u00f3n \u201c<strong>Titular<\/strong>\u201d) en su calidad de titular del tratamiento de acuerdo con el art. 24 GDPR, en ocasi\u00f3n de la navegaci\u00f3n en el sitio www.arte-d.it (a continuaci\u00f3n \u201c<strong>Sito<\/strong>\u201d), se tratar\u00e1n de acuerdo con estas disposiciones.<\/p>\n<p>Arte &amp; D s.r.l. aunque no obligada (art 37 GDPR) ha nombrado un RPD (Responsable Protecci\u00f3n Datos) suyo que pueden contactar mediante correo electr\u00f3nico info@pec.arte-d.it<\/p>\n<p>&nbsp;<\/p>\n<p><strong>Finalidad del tratamiento y base jur\u00eddica<\/strong><\/p>\n<p>Los datos personales (a continuaci\u00f3n \u201c<strong>Datos<\/strong>\u201d) proporcionados por el interesado se tratar\u00e1n para estas finalidades:<\/p>\n<ol>\n<li>ejecutando el servicio solicitado (a continuaci\u00f3n \u201c<strong>Servicio<\/strong>\u201d): por ej. suministro de servicios basados en interfaces web, registro estado civil web, suministro de informaciones relativas a quienes se inscribieron voluntariamente a la base de datos de nuestro sitio, suministro de informaciones relativas a las actividades de formaci\u00f3n;<\/li>\n<li>cumplimiento obligaciones legales, contables, fiscales, administrativas y contractuales relacionadas con el suministro de los Servicios;<\/li>\n<li>previo consentimiento espec\u00edfico, para enviar comunicaciones comerciales y\/o promociones acerca de productos y servicios del interesado y, adem\u00e1s, realizar investigaciones de mercado (\u201c<strong>Marketing directo<\/strong>\u201d);<\/li>\n<li>previo consentimiento espec\u00edfico, para comunicar los Datos a la sociedad del grupo al que pertenece el Titular, es decir la sociedad exterior para los servicios de recogida y elaboraci\u00f3n de datos comerciales y\/o promociones acerca de productos y servicios de dichas sociedades, adem\u00e1s de realizar investigaciones de mercado (\u201c<strong>Marketing terceras partes<\/strong>\u201d).<\/li>\n<\/ol>\n<p>Los datos ser\u00e1n tratados por dependientes y\/o colaboradores del Titular nombrados encargados autorizados por el tratamiento, operante en las direcciones marketing, ventas y sistemas informativos, podr\u00e1n comunicarse a sociedades terceras y a sociedades pertenecientes al grupo, al efecto nombradas responsables del tratamiento, que proporcionan servicios accesorios e instrumentales a la actividad del Titular.<\/p>\n<p>&nbsp;<\/p>\n<p><strong>Tipos de datos tratados <\/strong><\/p>\n<ol>\n<li><u>Datos de navegaci\u00f3n:<br \/>\n<\/u>a esta categor\u00eda de Datos pertenecen las direcciones IP o los nombres en los dominios de los ordenadores utilizados por los usuarios que se conectan al sitio, las direcciones de los recursos solicitado, el horario de la solicitud, el m\u00e9todo utilizado en pasar la solicitud al servidor, el tama\u00f1o del archivo logrado como respuesta, el c\u00f3digo num\u00e9rico que indica el estado de la respuesta enviada por el <em>servidor <\/em>(buen \u00e9xito, error, etc.) y otros par\u00e1metros relacionados con el sistema operativo y el ambiente inform\u00e1tico del usuario.<\/li>\n<li><u>Datos proporcionados voluntariamente por el usuario<\/u>:<br \/>\nel env\u00edo facultativo, explicito y voluntario de correo electr\u00f3nico indicados en este sitio conlleva esta adquisici\u00f3n de la direcci\u00f3n del remitente para contestar solicitudes, adem\u00e1s de los dem\u00e1s Datos introducidos en el formato.<\/li>\n<\/ol>\n<p>&nbsp;<\/p>\n<p><strong>Transferencia de datos personales hacia el extranjero<\/strong><\/p>\n<p>La gesti\u00f3n y la conservaci\u00f3n de los Datos se realiza en servidores colocados dentro de la Uni\u00f3n Europea, de propiedad y\/o en la disponibilidad del Titular y\/o de sociedades terceras debidamente nombradas como responsables del tratamiento. Adem\u00e1s, los datos podr\u00e1n transferirse por las finalidades que se encuentran listadas en el art. 1 a personas con domicilio en pa\u00edses fuera de la Uni\u00f3n Europea, con tal que garanticen un nivel de protecci\u00f3n adecuado (a modo de ejemplo, la inscripci\u00f3n en la Privacy Shield List de acuerdo con la Decisi\u00f3n de Ejecuci\u00f3n (EU) 2016\/1250 de la Comisi\u00f3n Europea del 12 de julio de 2016, la que se llama \u201cPrivacy Shield\u201d).<\/p>\n<p>Los datos de terceros se comunicar\u00e1n bajo solicitud del Titular.<\/p>\n<p><strong>\u00a0<\/strong><\/p>\n<p><strong>Tiempos de conservaci\u00f3n de datos <\/strong><\/p>\n<p>Los datos que hemos recogido, a trav\u00e9s de nuestros <em>formularios<\/em>, se conservar\u00e1n durante todo lo necesario a procesar sus solicitudes y para actuar las actividades que son las finalidades de dicho tratamiento.<\/p>\n<p>&nbsp;<\/p>\n<p><strong>Naturaleza del otorgamiento de datos y consecuencias del no querer contestar<\/strong><\/p>\n<p>El otorgamiento de los Datos necesarios al desempe\u00f1o de los tratamientos listados <em>sub<\/em> 1.(a) y <em>sub (b)<\/em> es facultativo, pero constituye condici\u00f3n necesaria e indispensable para utilizar los Servicios: un posible rechazo acerca de la posibilidad de proporcionar los Datos determina, la imposibilidad de realizar los Servicios solicitados. El consentimiento al tratamiento para m\u00e1s finalidades es facultativo.<\/p>\n<p><strong>\u00a0<\/strong><\/p>\n<p><strong>Modalidad de tratamiento <\/strong><\/p>\n<p>El tratamiento de Datos por cada finalidad que se acaba de listar se efect\u00faa con modalidad impresa, automatizada o electr\u00f3nica y, sobre todo, por medio de correo ordinario o electr\u00f3nico, tel\u00e9fono (p.ej, llamadas automatizadas, SMS, MMS) fax o cualquier otro canal inform\u00e1tico (ej. sitios web, m\u00f3vil, aplicaciones) adecuado a garantizar la seguridad y la privacidad de acuerdo con la <em>data protection by default, <\/em>es decir la aplicaci\u00f3n de medidas adecuadas a reducir a lo m\u00ednimo los riesgos de difusi\u00f3n de datos.<\/p>\n<p><strong>\u00a0<\/strong><\/p>\n<p><strong>Credenciales de acceso a el espacio reservado<\/strong><\/p>\n<p>El Usuario, en caso de registro en el espacio reservado al Portal, recibir\u00e1 unas credenciales de acceso (un ID personal y una contrase\u00f1a). Estas credenciales son estrictamente personales y cualquier difusi\u00f3n o cesi\u00f3n a terceros de las mismas no est\u00e1 permitida.<\/p>\n<p>&nbsp;<\/p>\n<p><strong>Categor\u00edas de destinatarios de datos personales<\/strong><\/p>\n<p>Los datos del Usuario podr\u00e1n ser comunicados por el Titular respecto a terceros que \u00e9l mismo utilice para prestar actividades instrumentales o, de todas formas, funcionales a la prestaci\u00f3n de Servicios o cumplimiento de obligaciones de ley, designadas regularmente como responsables del tratamiento de datos personales. A estas personas se proporcionar\u00e1n solamente las informaciones necesarias a la prestaci\u00f3n de dichas actividades y se adoptar\u00e1n todas las medidas de seguridad para tutelar los datos de acuerdo con la legislaci\u00f3n vigente. Los datos de los responsables del tratamiento se comunicar\u00e1n baja solicitud del Titular. Podr\u00eda sera que encargados del Titular del Tratamiento conocieran los datos del Usuario. De todas formas, los datos no ser\u00e1n objeto de difusi\u00f3n o comunicados a terceros, exceptuando lo que se acaba de exponer y, de todas formas en los l\u00edmites que se acaban de indicar.<\/p>\n<p>&nbsp;<\/p>\n<p><strong>Derechos del interesado <\/strong><\/p>\n<p>Al interesado se reconocen estos derechos:<\/p>\n<ol>\n<li><strong>derecho de acceso, <\/strong>es decir el derecho de lograr del Titular la confirmaci\u00f3n que se est\u00e1n tratando o no los datos personales y, en este caso, lograr su acceso;<\/li>\n<li><strong>derecho de rectificaci\u00f3n y anulaci\u00f3n,<\/strong> es decir el derecho de lograr la rectificaci\u00f3n de los Datos incorrectos y\/o la integraci\u00f3n de los datos personales no completos o la anulaci\u00f3n de los datos por razones leg\u00edtimas;<\/li>\n<li><strong>derecho a la limitaci\u00f3n del tratamiento:<\/strong> es decir el derecho a solicitar la suspensi\u00f3n del tratamiento en presencia de motivos leg\u00edtimos;<\/li>\n<li><strong>derecho a la portabilidad de datos:<\/strong> el derecho de recibir en un formato estructurado, de uso com\u00fan y legible los Datos, adem\u00e1s del derecho de transmitir dichos Datos personales a otro titular del tratamiento;<\/li>\n<li><strong>derecho de oposici\u00f3n: <\/strong>el derecho de oponerse al tratamiento de Datos si existen las razones leg\u00edtimas, incluidos el tratamiento de Datos para finalidades de marketing y elaboraci\u00f3n de perfiles, si previstos;<\/li>\n<li><strong>derecho de ponerse en contacto con las autoridades<\/strong> para la protecci\u00f3n de datos competente en caso de tratamiento ilegal de Datos.<\/li>\n<\/ol>\n<p>&nbsp;<\/p>\n<p><strong>Revisi\u00f3n<\/strong><\/p>\n<p>La presente pol\u00edtica viene actualizada por la empresa segun necesidades espec\u00edficas. Se invitan los interesados a leerla de vez en cuando.\u00a0Para ejercer los derechos reconocidos por las normas que se acaban de indicar se podr\u00e1 enviar solicitud a trav\u00e9s de correo electr\u00f3nico a esta direcci\u00f3n: info@pec.arte-d.it<\/p>\n","protected":false},"excerpt":{"rendered":"<p>&nbsp; De acuerdo con el ar. 13 del Reg. (UE) n\u00fam. 2016\/679 del 27 de abril de 2016 (\u201ca continuaci\u00f3n s\u00f3lo \u201cGDPR\u201d) , Le informamos que sus datos personales, recogidos por Arte &amp; D s.r.l. Via Umbria 4\/a int.1 Z.I., 35043 Monselice (PD), Italy, CIF y NIF n\u00fam. 04304880281, (a continuaci\u00f3n \u201cTitular\u201d) en su calidad&#8230;  <a href=\"https:\/\/www.arte-d.it\/es\/privacy-policy\/\" class=\"more-link\" title=\"Read Privacy Policy\">Read more &raquo;<\/a><\/p>\n","protected":false},"author":1,"featured_media":0,"parent":0,"menu_order":0,"comment_status":"closed","ping_status":"closed","template":"page-full-width.php","meta":{"content-type":""},"acf":[],"yoast_head":"<!-- This site is optimized with the Yoast SEO plugin v16.3 - https:\/\/yoast.com\/wordpress\/plugins\/seo\/ -->\n<meta name=\"robots\" content=\"index, follow, max-snippet:-1, max-image-preview:large, max-video-preview:-1\" \/>\n<link rel=\"canonical\" href=\"https:\/\/www.arte-d.it\/es\/privacy-policy\/\" \/>\n<meta property=\"og:locale\" content=\"es_ES\" \/>\n<meta property=\"og:type\" content=\"article\" \/>\n<meta property=\"og:title\" content=\"Privacy Policy - Arte &amp; D s.r.l. Seating solution\" \/>\n<meta property=\"og:description\" content=\"&nbsp; De acuerdo con el ar. 13 del Reg. (UE) n\u00fam. 2016\/679 del 27 de abril de 2016 (\u201ca continuaci\u00f3n s\u00f3lo \u201cGDPR\u201d) , Le informamos que sus datos personales, recogidos por Arte &amp; D s.r.l. Via Umbria 4\/a int.1 Z.I., 35043 Monselice (PD), Italy, CIF y NIF n\u00fam. 04304880281, (a continuaci\u00f3n \u201cTitular\u201d) en su calidad... Read more &raquo;\" \/>\n<meta property=\"og:url\" content=\"https:\/\/www.arte-d.it\/es\/privacy-policy\/\" \/>\n<meta property=\"og:site_name\" content=\"Arte &amp; D s.r.l. Seating solution\" \/>\n<meta property=\"article:modified_time\" content=\"2018-09-27T14:25:35+00:00\" \/>\n<meta name=\"twitter:card\" content=\"summary\" \/>\n<meta name=\"twitter:label1\" content=\"Tiempo de lectura\">\n\t<meta name=\"twitter:data1\" content=\"7 minutos\">\n<script type=\"application\/ld+json\" class=\"yoast-schema-graph\">{\"@context\":\"https:\/\/schema.org\",\"@graph\":[{\"@type\":\"Organization\",\"@id\":\"https:\/\/www.arte-d.it\/#organization\",\"name\":\"ARTE & D SRL\",\"url\":\"https:\/\/www.arte-d.it\/\",\"sameAs\":[\"https:\/\/www.instagram.com\/arteanddsrl\/?hl=it\",\"https:\/\/www.linkedin.com\/company\/68194373\/admin\/\",\"https:\/\/www.youtube.com\/channel\/UC96EcLaAiNxv7zZ8WPAlFWw\"],\"logo\":{\"@type\":\"ImageObject\",\"@id\":\"https:\/\/www.arte-d.it\/#logo\",\"inLanguage\":\"es\",\"url\":\"https:\/\/www.arte-d.it\/wp-content\/uploads\/2022\/01\/Logo-arte_d-032-rosso_PNG.png\",\"contentUrl\":\"https:\/\/www.arte-d.it\/wp-content\/uploads\/2022\/01\/Logo-arte_d-032-rosso_PNG.png\",\"width\":701,\"height\":301,\"caption\":\"ARTE & D SRL\"},\"image\":{\"@id\":\"https:\/\/www.arte-d.it\/#logo\"}},{\"@type\":\"WebSite\",\"@id\":\"https:\/\/www.arte-d.it\/#website\",\"url\":\"https:\/\/www.arte-d.it\/\",\"name\":\"Arte & D s.r.l. Seating solution\",\"description\":\"seating solutions for office and contract, office chairs, armchairs for office, design chairs,\",\"publisher\":{\"@id\":\"https:\/\/www.arte-d.it\/#organization\"},\"potentialAction\":[{\"@type\":\"SearchAction\",\"target\":\"https:\/\/www.arte-d.it\/?s={search_term_string}\",\"query-input\":\"required name=search_term_string\"}],\"inLanguage\":\"es\"},{\"@type\":\"WebPage\",\"@id\":\"https:\/\/www.arte-d.it\/es\/privacy-policy\/#webpage\",\"url\":\"https:\/\/www.arte-d.it\/es\/privacy-policy\/\",\"name\":\"Privacy Policy - Arte &amp; D s.r.l. Seating solution\",\"isPartOf\":{\"@id\":\"https:\/\/www.arte-d.it\/#website\"},\"datePublished\":\"2018-09-27T14:21:36+00:00\",\"dateModified\":\"2018-09-27T14:25:35+00:00\",\"breadcrumb\":{\"@id\":\"https:\/\/www.arte-d.it\/es\/privacy-policy\/#breadcrumb\"},\"inLanguage\":\"es\",\"potentialAction\":[{\"@type\":\"ReadAction\",\"target\":[\"https:\/\/www.arte-d.it\/es\/privacy-policy\/\"]}]},{\"@type\":\"BreadcrumbList\",\"@id\":\"https:\/\/www.arte-d.it\/es\/privacy-policy\/#breadcrumb\",\"itemListElement\":[{\"@type\":\"ListItem\",\"position\":1,\"item\":{\"@type\":\"WebPage\",\"@id\":\"https:\/\/www.arte-d.it\/es\/\",\"url\":\"https:\/\/www.arte-d.it\/es\/\",\"name\":\"Home\"}},{\"@type\":\"ListItem\",\"position\":2,\"item\":{\"@id\":\"https:\/\/www.arte-d.it\/es\/privacy-policy\/#webpage\"}}]}]}<\/script>\n<!-- \/ Yoast SEO plugin. -->","_links":{"self":[{"href":"https:\/\/www.arte-d.it\/es\/wp-json\/wp\/v2\/pages\/12213"}],"collection":[{"href":"https:\/\/www.arte-d.it\/es\/wp-json\/wp\/v2\/pages"}],"about":[{"href":"https:\/\/www.arte-d.it\/es\/wp-json\/wp\/v2\/types\/page"}],"author":[{"embeddable":true,"href":"https:\/\/www.arte-d.it\/es\/wp-json\/wp\/v2\/users\/1"}],"replies":[{"embeddable":true,"href":"https:\/\/www.arte-d.it\/es\/wp-json\/wp\/v2\/comments?post=12213"}],"version-history":[{"count":0,"href":"https:\/\/www.arte-d.it\/es\/wp-json\/wp\/v2\/pages\/12213\/revisions"}],"wp:attachment":[{"href":"https:\/\/www.arte-d.it\/es\/wp-json\/wp\/v2\/media?parent=12213"}],"curies":[{"name":"wp","href":"https:\/\/api.w.org\/{rel}","templated":true}]}}